{"id":92,"date":"2024-02-03T15:20:19","date_gmt":"2024-02-03T15:20:19","guid":{"rendered":"https:\/\/spmsarl.ml\/?page_id=92"},"modified":"2024-02-05T00:42:48","modified_gmt":"2024-02-05T00:42:48","slug":"reglementation","status":"publish","type":"page","link":"https:\/\/spmsarl.ml\/index.php\/reglementation\/","title":{"rendered":"R\u00e9glementation"},"content":{"rendered":"\t\t<div data-elementor-type=\"wp-page\" data-elementor-id=\"92\" class=\"elementor elementor-92\">\n\t\t\t\t<div class=\"elementor-element elementor-element-450f6eae e-flex e-con-boxed e-con e-parent\" data-id=\"450f6eae\" data-element_type=\"container\" data-e-type=\"container\">\n\t\t\t\t\t<div class=\"e-con-inner\">\n\t\t\t\t<div class=\"elementor-element elementor-element-29cd1132 elementor-widget elementor-widget-heading\" data-id=\"29cd1132\" data-element_type=\"widget\" data-e-type=\"widget\" data-widget_type=\"heading.default\">\n\t\t\t\t<div class=\"elementor-widget-container\">\n\t\t\t\t\t<h2 class=\"elementor-heading-title elementor-size-default\">Le respect minutieux de la r\u00e9glementation<\/h2>\t\t\t\t<\/div>\n\t\t\t\t<\/div>\n\t\t\t\t\t<\/div>\n\t\t\t\t<\/div>\n\t\t<div class=\"elementor-element elementor-element-3b634e17 e-flex e-con-boxed e-con e-parent\" data-id=\"3b634e17\" data-element_type=\"container\" data-e-type=\"container\">\n\t\t\t\t\t<div class=\"e-con-inner\">\n\t\t\t\t<div class=\"elementor-element elementor-element-7aa5e51f elementor-widget elementor-widget-image\" data-id=\"7aa5e51f\" data-element_type=\"widget\" data-e-type=\"widget\" data-widget_type=\"image.default\">\n\t\t\t\t<div class=\"elementor-widget-container\">\n\t\t\t\t\t\t\t\t\t\t\t\t\t\t\t<img fetchpriority=\"high\" decoding=\"async\" width=\"300\" height=\"176\" src=\"https:\/\/spmsarl.ml\/wp-content\/uploads\/2024\/02\/regles-938x550-1-300x176.jpg\" class=\"attachment-medium size-medium wp-image-22\" alt=\"\" srcset=\"https:\/\/spmsarl.ml\/wp-content\/uploads\/2024\/02\/regles-938x550-1-300x176.jpg 300w, https:\/\/spmsarl.ml\/wp-content\/uploads\/2024\/02\/regles-938x550-1-768x450.jpg 768w, https:\/\/spmsarl.ml\/wp-content\/uploads\/2024\/02\/regles-938x550-1.jpg 938w\" sizes=\"(max-width: 300px) 100vw, 300px\" \/>\t\t\t\t\t\t\t\t\t\t\t\t\t\t\t<\/div>\n\t\t\t\t<\/div>\n\t\t\t\t\t<\/div>\n\t\t\t\t<\/div>\n\t\t<div class=\"elementor-element elementor-element-66cebf27 e-flex e-con-boxed e-con e-parent\" data-id=\"66cebf27\" data-element_type=\"container\" data-e-type=\"container\">\n\t\t\t\t\t<div class=\"e-con-inner\">\n\t\t<div class=\"elementor-element elementor-element-6c944f8b e-con-full e-flex e-con e-child\" data-id=\"6c944f8b\" data-element_type=\"container\" data-e-type=\"container\">\n\t\t\t\t<div class=\"elementor-element elementor-element-33e55d5 elementor-widget elementor-widget-text-editor\" data-id=\"33e55d5\" data-element_type=\"widget\" data-e-type=\"widget\" data-widget_type=\"text-editor.default\">\n\t\t\t\t<div class=\"elementor-widget-container\">\n\t\t\t\t\t\t\t\t\t<div class=\"stm_animation stm_viewport\" data-animate=\"slideInLeft\" data-animation-delay=\"0.3\" data-animation-duration=\"0.5\" data-viewport_position=\"90\"><div class=\"wpb_text_column wpb_content_element vc_custom_1674691086208 animated slideInLeft\"><div class=\"wpb_wrapper\"><p>Partie essentielle et incontournable, l\u2019obtention de l\u2019autorisation\u00a0de mise sur le march\u00e9 (AMM) est indispensable.<\/p><p>Nous mettons \u00e0 votre disposition nos comp\u00e9tences pour l\u2019obtenir dans des d\u00e9lais rapides.<\/p><p>Les exigences en la mati\u00e8re se sont sensiblement accrues dans le domaine des affaires r\u00e9glementaires, demandant une attention toute particuli\u00e8re et une grande rigueur.<\/p><p>Toujours au plus pr\u00e8s des attentes de nos partenaires, nous proposons une assistance sur les plans r\u00e9glementaire et administratif, en lien direct avec le terrain.<\/p><p>Nous aidons \u00e0 l\u2019enregistrement de nouveaux produits et leur renouvellement:<\/p><\/div><\/div><\/div><div class=\"stm_animation stm_viewport\" data-animate=\"slideInLeft\" data-animation-delay=\"0.3\" data-animation-duration=\"0.5\" data-viewport_position=\"90\"><div class=\"icon_box style_3 clearfix animated slideInLeft\"><div class=\"icon_box_inner\"><div class=\"icon_text\"><ul><li><strong>Reception<\/strong><\/li><\/ul><\/div><\/div><\/div><\/div><div class=\"stm_animation stm_viewport\" data-animate=\"slideInLeft\" data-animation-delay=\"0.3\" data-animation-duration=\"0.5\" data-viewport_position=\"90\"><div class=\"icon_box style_3 clearfix animated slideInLeft\"><div class=\"icon_box_inner\"><div class=\"icon_text\"><ul><li><strong>V\u00e9rification<\/strong><\/li><\/ul><\/div><\/div><\/div><\/div><div class=\"stm_animation stm_viewport\" data-animate=\"slideInLeft\" data-animation-delay=\"0.3\" data-animation-duration=\"0.5\" data-viewport_position=\"90\"><div class=\"icon_box style_3 clearfix animated slideInLeft\"><div class=\"icon_box_inner\"><div class=\"icon_text\"><ul><li><strong>D\u00e9p\u00f4t<\/strong><\/li><\/ul><\/div><\/div><\/div><\/div><div class=\"stm_animation stm_viewport\" data-animate=\"slideInLeft\" data-animation-delay=\"0.3\" data-animation-duration=\"0.5\" data-viewport_position=\"90\"><div class=\"icon_box style_3 clearfix animated slideInLeft\"><div class=\"icon_box_inner\"><div class=\"icon_text\"><ul><li><strong>Suivi des dossiers<\/strong><\/li><\/ul><\/div><\/div><\/div><\/div>\t\t\t\t\t\t\t\t<\/div>\n\t\t\t\t<\/div>\n\t\t\t\t<\/div>\n\t\t<div class=\"elementor-element elementor-element-65fe4e38 e-con-full e-flex e-con e-child\" data-id=\"65fe4e38\" data-element_type=\"container\" data-e-type=\"container\">\n\t\t\t\t<div class=\"elementor-element elementor-element-50bd8baa elementor-arrows-position-inside elementor-pagination-position-outside elementor-widget elementor-widget-image-carousel\" data-id=\"50bd8baa\" data-element_type=\"widget\" data-e-type=\"widget\" data-settings=\"{&quot;slides_to_show&quot;:&quot;1&quot;,&quot;navigation&quot;:&quot;both&quot;,&quot;autoplay&quot;:&quot;yes&quot;,&quot;pause_on_hover&quot;:&quot;yes&quot;,&quot;pause_on_interaction&quot;:&quot;yes&quot;,&quot;autoplay_speed&quot;:5000,&quot;infinite&quot;:&quot;yes&quot;,&quot;effect&quot;:&quot;slide&quot;,&quot;speed&quot;:500}\" data-widget_type=\"image-carousel.default\">\n\t\t\t\t<div class=\"elementor-widget-container\">\n\t\t\t\t\t\t\t<div class=\"elementor-image-carousel-wrapper swiper\" role=\"region\" aria-roledescription=\"carousel\" aria-label=\"Carrousel d\u2019images\" dir=\"ltr\">\n\t\t\t<div class=\"elementor-image-carousel swiper-wrapper\" aria-live=\"off\">\n\t\t\t\t\t\t\t\t<div class=\"swiper-slide\" role=\"group\" aria-roledescription=\"slide\" aria-label=\"1 sur 2\"><figure class=\"swiper-slide-inner\"><img decoding=\"async\" class=\"swiper-slide-image\" src=\"https:\/\/spmsarl.ml\/wp-content\/uploads\/2024\/02\/IMG-20231112-WA0209-225x300.jpg\" alt=\"IMG-20231112-WA0209\" \/><\/figure><\/div><div class=\"swiper-slide\" role=\"group\" aria-roledescription=\"slide\" aria-label=\"2 sur 2\"><figure class=\"swiper-slide-inner\"><img decoding=\"async\" class=\"swiper-slide-image\" src=\"https:\/\/spmsarl.ml\/wp-content\/uploads\/2024\/02\/IMG-20231112-WA0224-225x300.jpg\" alt=\"IMG-20231112-WA0224\" \/><\/figure><\/div>\t\t\t<\/div>\n\t\t\t\t\t\t\t\t\t\t\t\t<div class=\"elementor-swiper-button elementor-swiper-button-prev\" role=\"button\" tabindex=\"0\">\n\t\t\t\t\t\t<svg aria-hidden=\"true\" class=\"e-font-icon-svg e-eicon-chevron-left\" viewBox=\"0 0 1000 1000\" xmlns=\"http:\/\/www.w3.org\/2000\/svg\"><path d=\"M646 125C629 125 613 133 604 142L308 442C296 454 292 471 292 487 292 504 296 521 308 533L604 854C617 867 629 875 646 875 663 875 679 871 692 858 704 846 713 829 713 812 713 796 708 779 692 767L438 487 692 225C700 217 708 204 708 187 708 171 704 154 692 142 675 129 663 125 646 125Z\"><\/path><\/svg>\t\t\t\t\t<\/div>\n\t\t\t\t\t<div class=\"elementor-swiper-button elementor-swiper-button-next\" role=\"button\" tabindex=\"0\">\n\t\t\t\t\t\t<svg aria-hidden=\"true\" class=\"e-font-icon-svg e-eicon-chevron-right\" viewBox=\"0 0 1000 1000\" xmlns=\"http:\/\/www.w3.org\/2000\/svg\"><path d=\"M696 533C708 521 713 504 713 487 713 471 708 454 696 446L400 146C388 133 375 125 354 125 338 125 325 129 313 142 300 154 292 171 292 187 292 204 296 221 308 233L563 492 304 771C292 783 288 800 288 817 288 833 296 850 308 863 321 871 338 875 354 875 371 875 388 867 400 854L696 533Z\"><\/path><\/svg>\t\t\t\t\t<\/div>\n\t\t\t\t\n\t\t\t\t\t\t\t\t\t<div class=\"swiper-pagination\"><\/div>\n\t\t\t\t\t\t\t\t\t<\/div>\n\t\t\t\t\t\t<\/div>\n\t\t\t\t<\/div>\n\t\t\t\t<\/div>\n\t\t\t\t\t<\/div>\n\t\t\t\t<\/div>\n\t\t\t\t<\/div>\n\t\t","protected":false},"excerpt":{"rendered":"<p>Le respect minutieux de la r\u00e9glementation Partie essentielle et incontournable, l\u2019obtention de l\u2019autorisation\u00a0de mise sur le march\u00e9 (AMM) est indispensable. Nous mettons \u00e0 votre disposition nos comp\u00e9tences pour l\u2019obtenir dans des d\u00e9lais rapides. Les exigences en la mati\u00e8re se sont sensiblement accrues dans le domaine des affaires r\u00e9glementaires, demandant une attention toute particuli\u00e8re et une [&hellip;]<\/p>\n","protected":false},"author":1,"featured_media":22,"parent":0,"menu_order":0,"comment_status":"closed","ping_status":"closed","template":"elementor_header_footer","meta":{"_eb_attr":"","footnotes":""},"class_list":["post-92","page","type-page","status-publish","has-post-thumbnail","hentry"],"_links":{"self":[{"href":"https:\/\/spmsarl.ml\/index.php\/wp-json\/wp\/v2\/pages\/92","targetHints":{"allow":["GET"]}}],"collection":[{"href":"https:\/\/spmsarl.ml\/index.php\/wp-json\/wp\/v2\/pages"}],"about":[{"href":"https:\/\/spmsarl.ml\/index.php\/wp-json\/wp\/v2\/types\/page"}],"author":[{"embeddable":true,"href":"https:\/\/spmsarl.ml\/index.php\/wp-json\/wp\/v2\/users\/1"}],"replies":[{"embeddable":true,"href":"https:\/\/spmsarl.ml\/index.php\/wp-json\/wp\/v2\/comments?post=92"}],"version-history":[{"count":7,"href":"https:\/\/spmsarl.ml\/index.php\/wp-json\/wp\/v2\/pages\/92\/revisions"}],"predecessor-version":[{"id":165,"href":"https:\/\/spmsarl.ml\/index.php\/wp-json\/wp\/v2\/pages\/92\/revisions\/165"}],"wp:featuredmedia":[{"embeddable":true,"href":"https:\/\/spmsarl.ml\/index.php\/wp-json\/wp\/v2\/media\/22"}],"wp:attachment":[{"href":"https:\/\/spmsarl.ml\/index.php\/wp-json\/wp\/v2\/media?parent=92"}],"curies":[{"name":"wp","href":"https:\/\/api.w.org\/{rel}","templated":true}]}}